{"id":1326,"date":"2026-04-14T10:07:56","date_gmt":"2026-04-14T10:07:56","guid":{"rendered":"https:\/\/lepetitdragonrouge.fr\/services\/"},"modified":"2026-04-14T10:07:59","modified_gmt":"2026-04-14T10:07:59","slug":"services","status":"publish","type":"page","link":"https:\/\/lepetitdragonrouge.fr\/fr\/services\/","title":{"rendered":"Services"},"content":{"rendered":"<div class=\"wp-block-uagb-container uagb-block-ae0bc409 alignfull uagb-is-root-container\"><div class=\"uagb-container-inner-blocks-wrap\">\n<div class=\"wp-block-uagb-advanced-heading uagb-block-8a1eebc0\"><h1 class=\"uagb-heading-text\">nos services<\/h1><\/div>\n<\/div><\/div>\n\n\n\n<div class=\"wp-block-uagb-container uagb-block-6999b479 alignfull uagb-is-root-container\"><div class=\"uagb-container-inner-blocks-wrap\">\n<div class=\"wp-block-uagb-container uagb-block-788ba4c8\">\n<div class=\"wp-block-uagb-image alignright uagb-block-f790ce5a wp-block-uagb-image--layout-default wp-block-uagb-image--effect-static wp-block-uagb-image--align-right\"><figure class=\"wp-block-uagb-image__figure\"><img decoding=\"async\" srcset=\"https:\/\/lepetitdragonrouge.fr\/wp-content\/uploads\/2021\/11\/service-1.jpg ,https:\/\/lepetitdragonrouge.fr\/wp-content\/uploads\/2021\/11\/service-1.jpg 780w\" sizes=\"auto, (max-width: 480px) 150px\" src=\"https:\/\/lepetitdragonrouge.fr\/wp-content\/uploads\/2021\/11\/service-1.jpg\" alt=\"\" class=\"uag-image-109\" width=\"370\" height=\"500\" title=\"\" loading=\"lazy\" role=\"img\"\/><\/figure><\/div>\n<\/div>\n\n\n\n<div class=\"wp-block-uagb-container uagb-block-55f27f39\">\n<div class=\"wp-block-uagb-info-box uagb-block-309bf170 uagb-infobox__content-wrap  uagb-infobox-icon-above-title uagb-infobox-image-valign-top wp-block-uagb-info-box--has-margin\"><div class=\"uagb-infobox-margin-wrapper\"><div class=\"uagb-ifb-content\"><div class=\"uagb-ifb-title-wrap\"><h4 class=\"uagb-ifb-title-prefix\">Conception de sites web<\/h4><p class=\"uagb-ifb-title\">Je suis l\u00e0 pour vous simplifier la vie, en transformant vos id\u00e9es en textes clairs et percutants. Que vous ayez besoin de r\u00e9diger un email professionnel, de cr\u00e9er du contenu pour votre site web, de traduire un document complexe, ou simplement de trouver les bons mots pour exprimer vos pens\u00e9es, je peux vous aider.\n\nPeut-\u00eatre que vous manquez de temps, que vous avez du mal \u00e0 trouver les mots justes, ou que vous craignez que le r\u00e9sultat ne soit pas \u00e0 la hauteur de vos attentes. Je comprends ces d\u00e9fis. Mon objectif est de vous faire gagner du temps, d'\u00e9liminer le stress li\u00e9 \u00e0 la r\u00e9daction et de vous garantir un r\u00e9sultat de qualit\u00e9, adapt\u00e9 \u00e0 vos besoins sp\u00e9cifiques. Je peux produire du texte dans une vari\u00e9t\u00e9 de styles et de tons, et m'adapter \u00e0 toutes les langues.\n\nNe laissez plus les barri\u00e8res de la langue ou la difficult\u00e9 d'expression vous freiner. Laissez-moi \u00eatre votre partenaire cr\u00e9atif et efficace, et d\u00e9couvrez comment je peux am\u00e9liorer votre quotidien en vous offrant des solutions textuelles sur mesure.<\/p><\/div><p class=\"uagb-ifb-desc\">Quel est le plus grand avantage que votre client retirera de ceci ? Gardez \u00e0 l'esprit votre public cible.<\/p><\/div><\/div><\/div>\n\n\n\n<div class=\"wp-block-uagb-info-box uagb-block-29c06af7 uagb-infobox__content-wrap  uagb-infobox-icon-above-title uagb-infobox-image-valign-top\"><div class=\"uagb-ifb-content\"><div class=\"uagb-ifb-title-wrap\"><h3 class=\"uagb-ifb-title\">De $99<\/h3><\/div><div class=\"uagb-ifb-button-wrapper wp-block-button\"><a href=\"#\" class=\"uagb-infobox-cta-link ast-outline-button\" target=\"_self\" rel=\"noopener noreferrer\" style=\"border-width:revert-layer\" onclick=\"return false;\"><span class=\"uagb-inline-editing\">D\u00e9marrer un projet<\/span><\/a><\/div><\/div><\/div>\n<\/div>\n<\/div><\/div>\n\n\n\n<div class=\"wp-block-uagb-container uagb-block-a1c5c5cb alignfull uagb-is-root-container\"><div class=\"uagb-container-inner-blocks-wrap\">\n<div class=\"wp-block-uagb-container uagb-block-ffd0d737\">\n<div class=\"wp-block-uagb-image alignright uagb-block-f2a72ff6 wp-block-uagb-image--layout-default wp-block-uagb-image--effect-static wp-block-uagb-image--align-right\"><figure class=\"wp-block-uagb-image__figure\"><img decoding=\"async\" srcset=\"https:\/\/lepetitdragonrouge.fr\/wp-content\/uploads\/2021\/11\/service-2.jpg ,https:\/\/lepetitdragonrouge.fr\/wp-content\/uploads\/2021\/11\/service-1.jpg 780w\" sizes=\"auto, (max-width: 480px) 150px\" src=\"https:\/\/lepetitdragonrouge.fr\/wp-content\/uploads\/2021\/11\/service-2.jpg\" alt=\"\" class=\"uag-image-110\" width=\"370\" height=\"500\" title=\"\" loading=\"lazy\" role=\"img\"\/><\/figure><\/div>\n<\/div>\n\n\n\n<div class=\"wp-block-uagb-container uagb-block-16d72286\">\n<div class=\"wp-block-uagb-info-box uagb-block-3f27e1af uagb-infobox__content-wrap  uagb-infobox-icon-above-title uagb-infobox-image-valign-top\"><div class=\"uagb-ifb-content\"><div class=\"uagb-ifb-title-wrap\"><h4 class=\"uagb-ifb-title-prefix\">Conception graphique<\/h4><p class=\"uagb-ifb-title\">Je suis l\u00e0 pour vous simplifier la vie, en transformant vos id\u00e9es en textes clairs et percutants. Que vous ayez besoin de r\u00e9diger un email professionnel, de cr\u00e9er du contenu pour votre site web, de traduire un document complexe, ou simplement de trouver les bons mots pour exprimer vos pens\u00e9es, je peux vous aider.\n\nPeut-\u00eatre que vous manquez de temps, que vous avez du mal \u00e0 trouver les mots justes, ou que vous craignez que le r\u00e9sultat ne soit pas \u00e0 la hauteur de vos attentes. Je comprends ces d\u00e9fis. Mon objectif est de vous faire gagner du temps, d'\u00e9liminer le stress li\u00e9 \u00e0 la r\u00e9daction et de vous garantir un r\u00e9sultat de qualit\u00e9, adapt\u00e9 \u00e0 vos besoins sp\u00e9cifiques. Je peux produire du texte dans une vari\u00e9t\u00e9 de styles et de tons, et m'adapter \u00e0 toutes les langues.\n\nNe laissez plus les barri\u00e8res de la langue ou la difficult\u00e9 d'expression vous freiner. Laissez-moi \u00eatre votre partenaire cr\u00e9atif et efficace, et d\u00e9couvrez comment je peux am\u00e9liorer votre quotidien en vous offrant des solutions textuelles sur mesure.<\/p><\/div><p class=\"uagb-ifb-desc\">Quel est le plus grand avantage que votre client retirera de ceci ? Gardez \u00e0 l'esprit votre public cible.<\/p><\/div><\/div>\n\n\n\n<div class=\"wp-block-uagb-info-box uagb-block-4182a82b uagb-infobox__content-wrap  uagb-infobox-icon-above-title uagb-infobox-image-valign-top\"><div class=\"uagb-ifb-content\"><div class=\"uagb-ifb-title-wrap\"><h3 class=\"uagb-ifb-title\">De $99<\/h3><\/div><div class=\"uagb-ifb-button-wrapper wp-block-button\"><a href=\"#\" class=\"uagb-infobox-cta-link ast-outline-button\" target=\"_self\" rel=\"noopener noreferrer\" style=\"border-width:revert-layer\" onclick=\"return false;\"><span class=\"uagb-inline-editing\">D\u00e9marrer un projet<\/span><\/a><\/div><\/div><\/div>\n<\/div>\n<\/div><\/div>\n\n\n\n<div class=\"wp-block-uagb-container uagb-block-d93bf905 alignfull uagb-is-root-container\"><div class=\"uagb-container-inner-blocks-wrap\">\n<div class=\"wp-block-uagb-container uagb-block-2e5edda1\">\n<div class=\"wp-block-uagb-image alignright uagb-block-5c89f075 wp-block-uagb-image--layout-default wp-block-uagb-image--effect-static wp-block-uagb-image--align-right\"><figure class=\"wp-block-uagb-image__figure\"><img decoding=\"async\" srcset=\"https:\/\/lepetitdragonrouge.fr\/wp-content\/uploads\/2021\/11\/service-3.jpg ,https:\/\/lepetitdragonrouge.fr\/wp-content\/uploads\/2021\/11\/service-1.jpg 780w\" sizes=\"auto, (max-width: 480px) 150px\" src=\"https:\/\/lepetitdragonrouge.fr\/wp-content\/uploads\/2021\/11\/service-3.jpg\" alt=\"\" class=\"uag-image-108\" width=\"370\" height=\"500\" title=\"\" loading=\"lazy\" role=\"img\"\/><\/figure><\/div>\n<\/div>\n\n\n\n<div class=\"wp-block-uagb-container uagb-block-63b34e8a\">\n<div class=\"wp-block-uagb-info-box uagb-block-5a362367 uagb-infobox__content-wrap  uagb-infobox-icon-above-title uagb-infobox-image-valign-top\"><div class=\"uagb-ifb-content\"><div class=\"uagb-ifb-title-wrap\"><h4 class=\"uagb-ifb-title-prefix\">Cr\u00e9ation de contenu<\/h4><p class=\"uagb-ifb-title\">Je suis l\u00e0 pour vous simplifier la vie, en transformant vos id\u00e9es en textes clairs et percutants. Que vous ayez besoin de r\u00e9diger un email professionnel, de cr\u00e9er du contenu pour votre site web, de traduire un document complexe, ou simplement de trouver les bons mots pour exprimer vos pens\u00e9es, je peux vous aider.\n\nPeut-\u00eatre que vous manquez de temps, que vous avez du mal \u00e0 trouver les mots justes, ou que vous craignez que le r\u00e9sultat ne soit pas \u00e0 la hauteur de vos attentes. Je comprends ces d\u00e9fis. Mon objectif est de vous faire gagner du temps, d'\u00e9liminer le stress li\u00e9 \u00e0 la r\u00e9daction et de vous garantir un r\u00e9sultat de qualit\u00e9, adapt\u00e9 \u00e0 vos besoins sp\u00e9cifiques. Je peux produire du texte dans une vari\u00e9t\u00e9 de styles et de tons, et m'adapter \u00e0 toutes les langues.\n\nNe laissez plus les barri\u00e8res de la langue ou la difficult\u00e9 d'expression vous freiner. Laissez-moi \u00eatre votre partenaire cr\u00e9atif et efficace, et d\u00e9couvrez comment je peux am\u00e9liorer votre quotidien en vous offrant des solutions textuelles sur mesure.<\/p><\/div><p class=\"uagb-ifb-desc\">Quel est le plus grand avantage que votre client retirera de ceci ? Gardez \u00e0 l'esprit votre public cible.<\/p><\/div><\/div>\n\n\n\n<div class=\"wp-block-uagb-info-box uagb-block-0b1f3cb6 uagb-infobox__content-wrap  uagb-infobox-icon-above-title uagb-infobox-image-valign-top\"><div class=\"uagb-ifb-content\"><div class=\"uagb-ifb-title-wrap\"><h3 class=\"uagb-ifb-title\">De $99<\/h3><\/div><div class=\"uagb-ifb-button-wrapper wp-block-button\"><a href=\"#\" class=\"uagb-infobox-cta-link ast-outline-button\" target=\"_self\" rel=\"noopener noreferrer\" style=\"border-width:revert-layer\" onclick=\"return false;\"><span class=\"uagb-inline-editing\">D\u00e9marrer un projet<\/span><\/a><\/div><\/div><\/div>\n<\/div>\n<\/div><\/div>\n\n\n\n<div class=\"wp-block-uagb-container uagb-layout-grid uagb-block-d1651bb0 alignfull uagb-is-root-container\"><div class=\"uagb-container-inner-blocks-wrap\">\n<div class=\"wp-block-uagb-info-box uagb-block-78a58b03 uagb-infobox__content-wrap  uagb-infobox-icon-above-title uagb-infobox-image-valign-top wp-block-uagb-info-box--has-margin\"><div class=\"uagb-infobox-margin-wrapper\"><div class=\"uagb-ifb-content\"><div class=\"uagb-ifb-title-wrap\"><h4 class=\"uagb-ifb-title-prefix\">Pourquoi aimer la nature<\/h4><p class=\"uagb-ifb-title\">Nos clients viennent d'apprendre quels services nous proposons. Dites-leur pourquoi ils devraient travailler avec vous ou votre \u00e9quipe, par exemple en soulignant votre exp\u00e9rience et les avis positifs de nos clients.<\/p><\/div><p class=\"uagb-ifb-desc\">Les badges illustrent cela. Nous mettons \u00e9galement l'accent sur les principaux avantages qu'ils obtiendront en utilisant nos services, \u00e0 savoir des d\u00e9lais d'ex\u00e9cution rapides et un support d\u00e9di\u00e9. Vous pourriez \u00e9galement les utiliser pour montrer les prix que vous avez remport\u00e9s pour votre meilleur travail.<\/p><\/div><\/div><\/div>\n\n\n\n<div class=\"wp-block-uagb-container uag-hide-tab uag-hide-mob uagb-layout-grid uagb-block-0fbd9792\">\n<div class=\"wp-block-uagb-info-box uagb-block-0f53eb8a uagb-infobox__content-wrap  uagb-infobox-icon-above-title uagb-infobox-image-valign-top wp-block-uagb-info-box--has-margin\"><div class=\"uagb-infobox-margin-wrapper\"><div class=\"uagb-ifb-content\"><div class=\"uagb-ifb-icon-wrap\"><div class=\"uagb-iconbox-icon-wrap uagb-infobox-shape-circle\"><svg xmlns=\"https:\/\/www.w3.org\/2000\/svg\" viewbox=\"0 0 384 512\"><path d=\"M288 358.3c13.98-8.088 17.53-30.04 28.88-41.39c11.35-11.35 33.3-14.88 41.39-28.87c7.98-13.79 .1658-34.54 4.373-50.29C366.7 222.5 383.1 208.5 383.1 192c0-16.5-17.27-30.52-21.34-45.73c-4.207-15.75 3.612-36.5-4.365-50.29c-8.086-13.98-30.03-17.52-41.38-28.87c-11.35-11.35-14.89-33.3-28.87-41.39c-13.79-7.979-34.54-.1637-50.29-4.375C222.5 17.27 208.5 0 192 0C175.5 0 161.5 17.27 146.3 21.34C130.5 25.54 109.8 17.73 95.98 25.7C82 33.79 78.46 55.74 67.11 67.08C55.77 78.43 33.81 81.97 25.72 95.95C17.74 109.7 25.56 130.5 21.35 146.2C17.27 161.5 .0008 175.5 .0008 192c0 16.5 17.27 30.52 21.34 45.73c4.207 15.75-3.615 36.5 4.361 50.29C33.8 302 55.74 305.5 67.08 316.9c11.35 11.35 14.89 33.3 28.88 41.4c13.79 7.979 34.53 .1582 50.28 4.369C161.5 366.7 175.5 384 192 384c16.5 0 30.52-17.27 45.74-21.34C253.5 358.5 274.2 366.3 288 358.3zM112 192c0-44.27 35.81-80 80-80s80 35.73 80 80c0 44.17-35.81 80-80 80S112 236.2 112 192zM1.719 433.2c-3.25 8.188-1.781 17.48 3.875 24.25c5.656 6.75 14.53 9.898 23.12 8.148l45.19-9.035l21.43 42.27C99.46 507 107.6 512 116.7 512c.3438 0 .6641-.0117 1.008-.0273c9.5-.375 17.65-6.082 21.24-14.88l33.58-82.08c-53.71-4.639-102-28.12-138.2-63.95L1.719 433.2zM349.6 351.1c-36.15 35.83-84.45 59.31-138.2 63.95l33.58 82.08c3.594 8.797 11.74 14.5 21.24 14.88C266.6 511.1 266.1 512 267.3 512c9.094 0 17.23-4.973 21.35-13.14l21.43-42.28l45.19 9.035c8.594 1.75 17.47-1.398 23.12-8.148c5.656-6.766 7.125-16.06 3.875-24.25L349.6 351.1z\"><\/path><\/svg><\/div><\/div><div class=\"uagb-ifb-title-wrap\"><h3 class=\"uagb-ifb-title\">8 ans d'exp\u00e9rience<\/h3><\/div><\/div><\/div><\/div>\n\n\n\n<div class=\"wp-block-uagb-info-box uagb-block-6c67d45c uagb-infobox__content-wrap  uagb-infobox-icon-above-title uagb-infobox-image-valign-top\"><div class=\"uagb-ifb-content\"><div class=\"uagb-ifb-icon-wrap\"><div class=\"uagb-iconbox-icon-wrap uagb-infobox-shape-circle\"><svg xmlns=\"https:\/\/www.w3.org\/2000\/svg\" viewbox=\"0 0 576 512\"><path d=\"M381.2 150.3L524.9 171.5C536.8 173.2 546.8 181.6 550.6 193.1C554.4 204.7 551.3 217.3 542.7 225.9L438.5 328.1L463.1 474.7C465.1 486.7 460.2 498.9 450.2 506C440.3 513.1 427.2 514 416.5 508.3L288.1 439.8L159.8 508.3C149 514 135.9 513.1 126 506C116.1 498.9 111.1 486.7 113.2 474.7L137.8 328.1L33.58 225.9C24.97 217.3 21.91 204.7 25.69 193.1C29.46 181.6 39.43 173.2 51.42 171.5L195 150.3L259.4 17.97C264.7 6.954 275.9-.0391 288.1-.0391C300.4-.0391 311.6 6.954 316.9 17.97L381.2 150.3z\"><\/path><\/svg><\/div><\/div><div class=\"uagb-ifb-title-wrap\"><h3 class=\"uagb-ifb-title\">5 \u00e9toiles<\/h3><\/div><\/div><\/div>\n\n\n\n<div class=\"wp-block-uagb-info-box uagb-block-afb4e7e9 uagb-infobox__content-wrap  uagb-infobox-icon-above-title uagb-infobox-image-valign-top\"><div class=\"uagb-ifb-content\"><div class=\"uagb-ifb-icon-wrap\"><div class=\"uagb-iconbox-icon-wrap uagb-infobox-shape-circle\"><svg xmlns=\"https:\/\/www.w3.org\/2000\/svg\" viewbox=\"0 0 512 512\"><path d=\"M222.7 32.15C227.7 49.08 218.1 66.9 201.1 71.94C121.8 95.55 64 169.1 64 255.1C64 362 149.1 447.1 256 447.1C362 447.1 448 362 448 255.1C448 169.1 390.2 95.55 310.9 71.94C293.9 66.9 284.3 49.08 289.3 32.15C294.4 15.21 312.2 5.562 329.1 10.6C434.9 42.07 512 139.1 512 255.1C512 397.4 397.4 511.1 256 511.1C114.6 511.1 0 397.4 0 255.1C0 139.1 77.15 42.07 182.9 10.6C199.8 5.562 217.6 15.21 222.7 32.15V32.15z\"><\/path><\/svg><\/div><\/div><div class=\"uagb-ifb-title-wrap\"><h3 class=\"uagb-ifb-title\">Rotation rapide<\/h3><\/div><\/div><\/div>\n\n\n\n<div class=\"wp-block-uagb-info-box uagb-block-8b324e3e uagb-infobox__content-wrap  uagb-infobox-icon-above-title uagb-infobox-image-valign-top\"><div class=\"uagb-ifb-content\"><div class=\"uagb-ifb-icon-wrap\"><div class=\"uagb-iconbox-icon-wrap uagb-infobox-shape-circle\"><svg xmlns=\"https:\/\/www.w3.org\/2000\/svg\" viewbox=\"0 0 512 512\"><path d=\"M470.6 425.4C483.1 437.9 483.1 458.1 470.6 470.6C458.1 483.1 437.9 483.1 425.4 470.6L412.1 458.2C369.6 491.9 315.2 512 255.1 512C196.8 512 142.4 491.9 99.02 458.2L86.63 470.6C74.13 483.1 53.87 483.1 41.37 470.6C28.88 458.1 28.88 437.9 41.37 425.4L53.76 412.1C20.07 369.6 0 315.2 0 255.1C0 196.8 20.07 142.4 53.76 99.02L41.37 86.63C28.88 74.13 28.88 53.87 41.37 41.37C53.87 28.88 74.13 28.88 86.63 41.37L99.02 53.76C142.4 20.07 196.8 0 255.1 0C315.2 0 369.6 20.07 412.1 53.76L425.4 41.37C437.9 28.88 458.1 28.88 470.6 41.37C483.1 53.87 483.1 74.13 470.6 86.63L458.2 99.02C491.9 142.4 512 196.8 512 255.1C512 315.2 491.9 369.6 458.2 412.1L470.6 425.4zM309.3 354.5C293.4 363.1 275.3 368 255.1 368C236.7 368 218.6 363.1 202.7 354.5L144.8 412.5C176.1 434.9 214.5 448 255.1 448C297.5 448 335.9 434.9 367.2 412.5L309.3 354.5zM448 255.1C448 214.5 434.9 176.1 412.5 144.8L354.5 202.7C363.1 218.6 368 236.7 368 256C368 275.3 363.1 293.4 354.5 309.3L412.5 367.2C434.9 335.9 448 297.5 448 256V255.1zM255.1 63.1C214.5 63.1 176.1 77.14 144.8 99.5L202.7 157.5C218.6 148.9 236.7 143.1 255.1 143.1C275.3 143.1 293.4 148.9 309.3 157.5L367.2 99.5C335.9 77.14 297.5 63.1 256 63.1H255.1zM157.5 309.3C148.9 293.4 143.1 275.3 143.1 255.1C143.1 236.7 148.9 218.6 157.5 202.7L99.5 144.8C77.14 176.1 63.1 214.5 63.1 255.1C63.1 297.5 77.14 335.9 99.5 367.2L157.5 309.3zM255.1 207.1C229.5 207.1 207.1 229.5 207.1 255.1C207.1 282.5 229.5 303.1 255.1 303.1C282.5 303.1 304 282.5 304 255.1C304 229.5 282.5 207.1 255.1 207.1z\"><\/path><\/svg><\/div><\/div><div class=\"uagb-ifb-title-wrap\"><h3 class=\"uagb-ifb-title\">Support d\u00e9di\u00e9<\/h3><\/div><\/div><\/div>\n<\/div>\n<\/div><\/div>","protected":false},"excerpt":{"rendered":"<p>nos services<\/p>","protected":false},"author":0,"featured_media":0,"parent":0,"menu_order":0,"comment_status":"closed","ping_status":"closed","template":"","meta":{"_uag_custom_page_level_css":"","_monsterinsights_skip_tracking":false,"_monsterinsights_sitenote_active":false,"_monsterinsights_sitenote_note":"","_monsterinsights_sitenote_category":0,"site-sidebar-layout":"no-sidebar","site-content-layout":"page-builder","ast-site-content-layout":"full-width-container","site-content-style":"unboxed","site-sidebar-style":"unboxed","ast-global-header-display":"","ast-banner-title-visibility":"","ast-main-header-display":"","ast-hfb-above-header-display":"","ast-hfb-below-header-display":"","ast-hfb-mobile-header-display":"","site-post-title":"disabled","ast-breadcrumbs-content":"","ast-featured-img":"disabled","footer-sml-layout":"","ast-disable-related-posts":"","theme-transparent-header-meta":"enabled","adv-header-id-meta":"","stick-header-meta":"","header-above-stick-meta":"","header-main-stick-meta":"","header-below-stick-meta":"","astra-migrate-meta-layouts":"set","ast-page-background-enabled":"default","ast-page-background-meta":{"desktop":{"background-color":"var(--ast-global-color-4)","background-image":"","background-repeat":"repeat","background-position":"center center","background-size":"auto","background-attachment":"scroll","background-type":"","background-media":"","overlay-type":"","overlay-color":"","overlay-opacity":"","overlay-gradient":""},"tablet":{"background-color":"","background-image":"","background-repeat":"repeat","background-position":"center center","background-size":"auto","background-attachment":"scroll","background-type":"","background-media":"","overlay-type":"","overlay-color":"","overlay-opacity":"","overlay-gradient":""},"mobile":{"background-color":"","background-image":"","background-repeat":"repeat","background-position":"center center","background-size":"auto","background-attachment":"scroll","background-type":"","background-media":"","overlay-type":"","overlay-color":"","overlay-opacity":"","overlay-gradient":""}},"ast-content-background-meta":{"desktop":{"background-color":"var(--ast-global-color-5)","background-image":"","background-repeat":"repeat","background-position":"center center","background-size":"auto","background-attachment":"scroll","background-type":"","background-media":"","overlay-type":"","overlay-color":"","overlay-opacity":"","overlay-gradient":""},"tablet":{"background-color":"var(--ast-global-color-5)","background-image":"","background-repeat":"repeat","background-position":"center center","background-size":"auto","background-attachment":"scroll","background-type":"","background-media":"","overlay-type":"","overlay-color":"","overlay-opacity":"","overlay-gradient":""},"mobile":{"background-color":"var(--ast-global-color-5)","background-image":"","background-repeat":"repeat","background-position":"center center","background-size":"auto","background-attachment":"scroll","background-type":"","background-media":"","overlay-type":"","overlay-color":"","overlay-opacity":"","overlay-gradient":""}},"footnotes":""},"class_list":["post-1326","page","type-page","status-publish","hentry"],"aioseo_notices":[],"_hostinger_reach_plugin_has_subscription_block":false,"_hostinger_reach_plugin_is_elementor":false,"uagb_featured_image_src":{"full":false,"thumbnail":false,"medium":false,"medium_large":false,"large":false,"1536x1536":false,"2048x2048":false,"trp-custom-language-flag":false},"uagb_author_info":{"display_name":"","author_link":"https:\/\/lepetitdragonrouge.fr\/fr\/author\/"},"uagb_comment_info":0,"uagb_excerpt":"our services","_links":{"self":[{"href":"https:\/\/lepetitdragonrouge.fr\/fr\/wp-json\/wp\/v2\/pages\/1326","targetHints":{"allow":["GET"]}}],"collection":[{"href":"https:\/\/lepetitdragonrouge.fr\/fr\/wp-json\/wp\/v2\/pages"}],"about":[{"href":"https:\/\/lepetitdragonrouge.fr\/fr\/wp-json\/wp\/v2\/types\/page"}],"replies":[{"embeddable":true,"href":"https:\/\/lepetitdragonrouge.fr\/fr\/wp-json\/wp\/v2\/comments?post=1326"}],"version-history":[{"count":2,"href":"https:\/\/lepetitdragonrouge.fr\/fr\/wp-json\/wp\/v2\/pages\/1326\/revisions"}],"predecessor-version":[{"id":2760,"href":"https:\/\/lepetitdragonrouge.fr\/fr\/wp-json\/wp\/v2\/pages\/1326\/revisions\/2760"}],"wp:attachment":[{"href":"https:\/\/lepetitdragonrouge.fr\/fr\/wp-json\/wp\/v2\/media?parent=1326"}],"curies":[{"name":"wp","href":"https:\/\/api.w.org\/{rel}","templated":true}]}}