{"id":1324,"date":"2026-04-14T10:07:56","date_gmt":"2026-04-14T10:07:56","guid":{"rendered":"https:\/\/lepetitdragonrouge.fr\/about\/"},"modified":"2026-04-14T10:07:59","modified_gmt":"2026-04-14T10:07:59","slug":"about","status":"publish","type":"page","link":"https:\/\/lepetitdragonrouge.fr\/fr\/about\/","title":{"rendered":"\u00c0 propos"},"content":{"rendered":"<div class=\"wp-block-uagb-container uagb-block-3ad17e27 alignfull uagb-is-root-container\"><div class=\"uagb-container-inner-blocks-wrap\">\n<div class=\"wp-block-uagb-advanced-heading uagb-block-8a1eebc0\"><h1 class=\"uagb-heading-text\">\u00e0 propos de nous<\/h1><\/div>\n<\/div><\/div>\n\n\n\n<div class=\"wp-block-uagb-container uagb-block-f8ec2bd3 alignfull uagb-is-root-container\"><div class=\"uagb-container-inner-blocks-wrap\">\n<div class=\"wp-block-uagb-advanced-heading uagb-block-e874992d\"><h4 class=\"uagb-heading-text\">Nous sommes une \u00e9quipe tr\u00e8s collaborative et solidaire, unie sur chaque projet pour garantir \u00e0 nos clients le meilleur r\u00e9sultat possible.<\/h4><\/div>\n\n\n\n<div class=\"wp-block-uagb-image aligncenter uagb-block-2d710799 wp-block-uagb-image--layout-default wp-block-uagb-image--effect-static wp-block-uagb-image--align-center\"><figure class=\"wp-block-uagb-image__figure\"><img decoding=\"async\" srcset=\"https:\/\/lepetitdragonrouge.fr\/wp-content\/uploads\/2021\/11\/contact-hero.jpg , https:\/\/lepetitdragonrouge.fr\/wp-content\/uploads\/2021\/11\/contact-hero.jpg 360w\" sizes=\"auto, (max-width: 480px) 150px\" src=\"https:\/\/lepetitdragonrouge.fr\/wp-content\/uploads\/2021\/11\/contact-hero.jpg\" alt=\"\" class=\"uag-image-432\" width=\"1040\" height=\"600\" title=\"\" loading=\"lazy\" role=\"img\"\/><\/figure><\/div>\n\n\n\n<div class=\"wp-block-uagb-container uagb-block-72514f6d\">\n<div class=\"wp-block-uagb-advanced-heading uagb-block-b317ae0b\"><h3 class=\"uagb-heading-text\">Notre mission<\/h3><p class=\"uagb-desc-text\">Construisez le meilleur produit qui cr\u00e9e le plus de valeur pour nos clients, utilisez le monde des affaires pour inspirer et mettre en \u0153uvre des solutions respectueuses de l'environnement.<\/p><\/div>\n\n\n\n<div class=\"wp-block-uagb-advanced-heading uagb-block-3b00767d\"><h3 class=\"uagb-heading-text\">Nos Valeurs<\/h3><p class=\"uagb-desc-text\">Nous nous effor\u00e7ons d'aller au-del\u00e0 des attentes de nos clients, quel que soit le d\u00e9fi. Nous visons \u00e0 fournir notre meilleur travail chaque jour, dans tous nos services.<\/p><\/div>\n<\/div>\n<\/div><\/div>\n\n\n\n<div class=\"wp-block-uagb-container uagb-block-61e8ac2a alignfull uagb-is-root-container\"><div class=\"uagb-container-inner-blocks-wrap\">\n<div class=\"wp-block-uagb-image aligncenter uagb-block-052b1f4c wp-block-uagb-image--layout-default wp-block-uagb-image--effect-static wp-block-uagb-image--align-center\"><figure class=\"wp-block-uagb-image__figure\"><img decoding=\"async\" srcset=\"https:\/\/lepetitdragonrouge.fr\/wp-content\/uploads\/2021\/11\/quotes.svg ,https:\/\/lepetitdragonrouge.fr\/wp-content\/uploads\/2021\/11\/quotes.svg 780w, https:\/\/lepetitdragonrouge.fr\/wp-content\/uploads\/2021\/11\/quotes.svg 360w\" sizes=\"auto, (max-width: 480px) 150px\" src=\"https:\/\/lepetitdragonrouge.fr\/wp-content\/uploads\/2021\/11\/quotes.svg\" alt=\"\" class=\"uag-image-117\" width=\"37\" height=\"38\" title=\"citations\" loading=\"lazy\" role=\"img\"\/><\/figure><\/div>\n\n\n\n<div class=\"wp-block-uagb-info-box uagb-block-54aaf525 uagb-infobox__content-wrap  uagb-infobox-icon-below-title uagb-infobox-image-valign-top\"><div class=\"uagb-ifb-content\"><div class=\"uagb-ifb-title-wrap\"><h4 class=\"uagb-ifb-title\">\u201cLove Nature dispose d'une \u00e9quipe incroyable de professionnels qui travaillent dur. Ce fut un plaisir de les rencontrer.\u201d<\/h4><\/div><div class=\"uagb-ifb-image-content\"><img decoding=\"async\" src=\"https:\/\/lepetitdragonrouge.fr\/wp-content\/uploads\/2021\/11\/avatar_on_about.png\" alt=\"\" width=\"50\" height=\"50\" loading=\"lazy\"\/><\/div><p class=\"uagb-ifb-desc\">\u00c9milie Davis<\/p><\/div><\/div>\n<\/div><\/div>","protected":false},"excerpt":{"rendered":"<p>about us We\u2019re a highly collaborative and supportive team, coming together on every project to ensure our clients get the very best result. Our Mission Build the best product that creates the most value for our customers, use business to inspire and implement environmentally friendly solutions. Our Values We strive to go above and beyond [&hellip;]<\/p>\n","protected":false},"author":0,"featured_media":0,"parent":0,"menu_order":0,"comment_status":"closed","ping_status":"closed","template":"","meta":{"_uag_custom_page_level_css":"","_monsterinsights_skip_tracking":false,"_monsterinsights_sitenote_active":false,"_monsterinsights_sitenote_note":"","_monsterinsights_sitenote_category":0,"site-sidebar-layout":"no-sidebar","site-content-layout":"page-builder","ast-site-content-layout":"full-width-container","site-content-style":"unboxed","site-sidebar-style":"default","ast-global-header-display":"","ast-banner-title-visibility":"","ast-main-header-display":"","ast-hfb-above-header-display":"","ast-hfb-below-header-display":"","ast-hfb-mobile-header-display":"","site-post-title":"disabled","ast-breadcrumbs-content":"","ast-featured-img":"disabled","footer-sml-layout":"","ast-disable-related-posts":"","theme-transparent-header-meta":"enabled","adv-header-id-meta":"","stick-header-meta":"","header-above-stick-meta":"","header-main-stick-meta":"","header-below-stick-meta":"","astra-migrate-meta-layouts":"set","ast-page-background-enabled":"default","ast-page-background-meta":{"desktop":{"background-color":"var(--ast-global-color-4)","background-image":"","background-repeat":"repeat","background-position":"center center","background-size":"auto","background-attachment":"scroll","background-type":"","background-media":"","overlay-type":"","overlay-color":"","overlay-opacity":"","overlay-gradient":""},"tablet":{"background-color":"","background-image":"","background-repeat":"repeat","background-position":"center center","background-size":"auto","background-attachment":"scroll","background-type":"","background-media":"","overlay-type":"","overlay-color":"","overlay-opacity":"","overlay-gradient":""},"mobile":{"background-color":"","background-image":"","background-repeat":"repeat","background-position":"center center","background-size":"auto","background-attachment":"scroll","background-type":"","background-media":"","overlay-type":"","overlay-color":"","overlay-opacity":"","overlay-gradient":""}},"ast-content-background-meta":{"desktop":{"background-color":"var(--ast-global-color-5)","background-image":"","background-repeat":"repeat","background-position":"center center","background-size":"auto","background-attachment":"scroll","background-type":"","background-media":"","overlay-type":"","overlay-color":"","overlay-opacity":"","overlay-gradient":""},"tablet":{"background-color":"var(--ast-global-color-5)","background-image":"","background-repeat":"repeat","background-position":"center center","background-size":"auto","background-attachment":"scroll","background-type":"","background-media":"","overlay-type":"","overlay-color":"","overlay-opacity":"","overlay-gradient":""},"mobile":{"background-color":"var(--ast-global-color-5)","background-image":"","background-repeat":"repeat","background-position":"center center","background-size":"auto","background-attachment":"scroll","background-type":"","background-media":"","overlay-type":"","overlay-color":"","overlay-opacity":"","overlay-gradient":""}},"footnotes":""},"class_list":["post-1324","page","type-page","status-publish","hentry"],"aioseo_notices":[],"_hostinger_reach_plugin_has_subscription_block":false,"_hostinger_reach_plugin_is_elementor":false,"uagb_featured_image_src":{"full":false,"thumbnail":false,"medium":false,"medium_large":false,"large":false,"1536x1536":false,"2048x2048":false,"trp-custom-language-flag":false},"uagb_author_info":{"display_name":"","author_link":"https:\/\/lepetitdragonrouge.fr\/fr\/author\/"},"uagb_comment_info":0,"uagb_excerpt":"about us We\u2019re a highly collaborative and supportive team, coming together on every project to ensure our clients get the very best result. Our Mission Build the best product that creates the most value for our customers, use business to inspire and implement environmentally friendly solutions. Our Values We strive to go above and beyond\u2026","_links":{"self":[{"href":"https:\/\/lepetitdragonrouge.fr\/fr\/wp-json\/wp\/v2\/pages\/1324","targetHints":{"allow":["GET"]}}],"collection":[{"href":"https:\/\/lepetitdragonrouge.fr\/fr\/wp-json\/wp\/v2\/pages"}],"about":[{"href":"https:\/\/lepetitdragonrouge.fr\/fr\/wp-json\/wp\/v2\/types\/page"}],"replies":[{"embeddable":true,"href":"https:\/\/lepetitdragonrouge.fr\/fr\/wp-json\/wp\/v2\/comments?post=1324"}],"version-history":[{"count":2,"href":"https:\/\/lepetitdragonrouge.fr\/fr\/wp-json\/wp\/v2\/pages\/1324\/revisions"}],"predecessor-version":[{"id":2758,"href":"https:\/\/lepetitdragonrouge.fr\/fr\/wp-json\/wp\/v2\/pages\/1324\/revisions\/2758"}],"wp:attachment":[{"href":"https:\/\/lepetitdragonrouge.fr\/fr\/wp-json\/wp\/v2\/media?parent=1324"}],"curies":[{"name":"wp","href":"https:\/\/api.w.org\/{rel}","templated":true}]}}